{"id":4148,"date":"2025-12-09T15:50:04","date_gmt":"2025-12-09T14:50:04","guid":{"rendered":"https:\/\/marinaberts.ch\/integritetspolicy\/"},"modified":"2025-12-15T15:24:45","modified_gmt":"2025-12-15T14:24:45","slug":"integritetspolicy","status":"publish","type":"page","link":"https:\/\/marinaberts.ch\/sv\/integritetspolicy\/","title":{"rendered":"Integritetspolicy"},"content":{"rendered":"\n<h2 class=\"wp-block-heading\">Vem \u00e4r vi?<\/h2>\n\n<p class=\"has-normal-font-size\">Webbplatsens adress \u00e4r: https:\/\/marinaberts.ch, och \u00e4garen \u00e4r Marina Berts.<\/p>\n\n<h2 class=\"wp-block-heading\">Kommentarer<\/h2>\n\n<p class=\"has-normal-font-size\">F\u00f6r n\u00e4rvarande g\u00e5r det inte att l\u00e4mna kommentarer p\u00e5 denna webbplats. Om detta blir m\u00f6jligt i framtiden kommer de uppgifter som anges i kommentarsformul\u00e4ret, tillsammans med din IP-adress och webbl\u00e4sarens anv\u00e4ndaragent, att samlas in f\u00f6r att hj\u00e4lpa oss att uppt\u00e4cka skr\u00e4ppost. <\/p>\n\n<p class=\"has-normal-font-size\">En anonymiserad str\u00e4ng som skapats fr\u00e5n din e-postadress (s\u00e5 kallad hash) kan skickas till Gravatar-tj\u00e4nsten f\u00f6r att kontrollera om du anv\u00e4nder den. Gravatars sekretesspolicy finns h\u00e4r: https:\/\/automattic.com\/privacy\/. N\u00e4r din kommentar har godk\u00e4nts kommer din profilbild att visas offentligt bredvid kommentaren. <\/p>\n\n<h2 class=\"wp-block-heading\">Media<\/h2>\n\n<p class=\"has-normal-font-size\">Allt material som skapats p\u00e5 denna webbplats \u00e4r skyddat av upphovsr\u00e4tt. Om du vill anv\u00e4nda bilder, foton eller videor fr\u00e5n webbplatsen f\u00f6r privat bruk (eller i undervisningssyfte), ange upphovsr\u00e4ttsinnehavaren (Marina Berts) och inkludera webbplatsens adress. F\u00f6r kommersiell anv\u00e4ndning av material fr\u00e5n webbplatsen, v\u00e4nligen kontakta \u00e4garen (Marina Berts).  <\/p>\n\n<h2 class=\"wp-block-heading\">Cookies<\/h2>\n\n<p class=\"has-normal-font-size\">Om du l\u00e4mnar en kommentar (n\u00e4r detta blir m\u00f6jligt) kan du v\u00e4lja att spara ditt namn, din e-postadress och din webbplats i cookies. Detta \u00e4r endast f\u00f6r din bekv\u00e4mlighet, s\u00e5 att du slipper ange dessa uppgifter igen vid framtida kommentarer. Dessa cookies upph\u00f6r att g\u00e4lla efter ett \u00e5r.  <\/p>\n\n<p>Om du bes\u00f6ker inloggningssidan skapas en tillf\u00e4llig cookie f\u00f6r att avg\u00f6ra om din webbl\u00e4sare accepterar cookies. Den inneh\u00e5ller inga personuppgifter och tas bort automatiskt n\u00e4r du st\u00e4nger webbl\u00e4saren. <\/p>\n\n<p class=\"has-normal-font-size\">N\u00e4r du loggar in sparas flera cookies f\u00f6r att lagra din inloggningsinformation och dina sk\u00e4rminst\u00e4llningar. Inloggningscookies g\u00e4ller i tv\u00e5 dagar, medan cookies f\u00f6r sk\u00e4rminst\u00e4llningar g\u00e4ller i ett \u00e5r. Om du v\u00e4ljer \u201dKom ih\u00e5g mig\u201d sparas din inloggningscookie i tv\u00e5 veckor. Om du loggar ut tas inloggningscookien bort.   <\/p>\n\n<p>N\u00e4r du redigerar eller publicerar ett inl\u00e4gg sparas en ytterligare cookie i din webbl\u00e4sare. Denna cookie inneh\u00e5ller inga personuppgifter utan anger endast ID f\u00f6r det inl\u00e4gg du just har redigerat. Den upph\u00f6r att g\u00e4lla efter en dag.   <\/p>\n\n<h2 class=\"wp-block-heading\">Inb\u00e4ddat inneh\u00e5ll fr\u00e5n andra webbplatser<\/h2>\n\n<p class=\"has-normal-font-size\">Sidor och artiklar p\u00e5 denna webbplats kan inneh\u00e5lla inb\u00e4ddat inneh\u00e5ll (t.ex. videor, bilder, artiklar). Inb\u00e4ddat inneh\u00e5ll fr\u00e5n andra webbplatser fungerar p\u00e5 samma s\u00e4tt som om du bes\u00f6kte den andra webbplatsen direkt. \u00c4garen av marinaberts.ch ansvarar inte f\u00f6r inneh\u00e5ll som \u00e4r inb\u00e4ddat fr\u00e5n externa webbplatser. Om du uppt\u00e4cker ett fel, kontakta oss s\u00e5 att vi kan r\u00e4tta det.   <\/p>\n\n<p class=\"has-normal-font-size\">Dessa externa webbplatser kan samla in data om dig, anv\u00e4nda cookies, b\u00e4dda in tredjeparts sp\u00e5rningsverktyg och f\u00f6lja dina interaktioner med det inb\u00e4ddade inneh\u00e5llet om du har ett konto och \u00e4r inloggad p\u00e5 deras webbplats.<\/p>\n\n<h2 class=\"wp-block-heading\">Anv\u00e4ndning och \u00f6verf\u00f6ring av personuppgifter<\/h2>\n\n<p class=\"has-normal-font-size\">Om du beg\u00e4r \u00e5terst\u00e4llning av ditt l\u00f6senord kommer din IP-adress att inkluderas i \u00e5terst\u00e4llningsmejlet.<\/p>\n\n<h2 class=\"wp-block-heading\">Lagringstid f\u00f6r data<\/h2>\n\n<p class=\"has-normal-font-size\">Om du l\u00e4mnar en kommentar (n\u00e4r detta blir m\u00f6jligt) sparas kommentaren och dess metadata p\u00e5 obest\u00e4md tid. Detta g\u00f6r att framtida kommentarer kan godk\u00e4nnas automatiskt ist\u00e4llet f\u00f6r att hamna i modereringsk\u00f6n. <\/p>\n\n<p class=\"has-normal-font-size\">F\u00f6r konton som registreras p\u00e5 webbplatsen (om till\u00e4mpligt) lagrar vi \u00e4ven de personuppgifter som anges i profilen. Alla kontoinnehavare kan se, \u00e4ndra eller ta bort sina personuppgifter n\u00e4r som helst (f\u00f6rutom anv\u00e4ndarnamnet). Webbplatsadministrat\u00f6rer kan ocks\u00e5 se och \u00e4ndra denna information.  <\/p>\n\n<h2 class=\"wp-block-heading\">Dina r\u00e4ttigheter<\/h2>\n\n<p class=\"has-normal-font-size\">Om du har ett konto eller har l\u00e4mnat kommentarer p\u00e5 webbplatsen kan du beg\u00e4ra en fil med alla personuppgifter vi har om dig, inklusive de du har l\u00e4mnat. Du kan ocks\u00e5 beg\u00e4ra att dina personuppgifter raderas. Detta g\u00e4ller inte data som m\u00e5ste sparas av administrativa, juridiska eller s\u00e4kerhetssk\u00e4l.  <\/p>\n\n<h2 class=\"wp-block-heading\">Vart dina data skickas<\/h2>\n\n<p class=\"has-normal-font-size\">Bes\u00f6kares kommentarer kan kontrolleras med hj\u00e4lp av en automatiserad tj\u00e4nst f\u00f6r att uppt\u00e4cka skr\u00e4ppost.<\/p>\n","protected":false},"excerpt":{"rendered":"<p>Vem \u00e4r vi? Webbplatsens adress \u00e4r: https:\/\/marinaberts.ch, och \u00e4garen \u00e4r Marina Berts. Kommentarer F\u00f6r n\u00e4rvarande g\u00e5r det inte att l\u00e4mna kommentarer p\u00e5 denna webbplats. Om detta blir m\u00f6jligt i framtiden<a href=\"https:\/\/marinaberts.ch\/sv\/integritetspolicy\/\" class=\"more-link\"><span class=\"more-button\">Plus&#8230;<span class=\"screen-reader-text\">Integritetspolicy<\/span><\/span><\/a><\/p>\n","protected":false},"author":1,"featured_media":0,"parent":0,"menu_order":0,"comment_status":"closed","ping_status":"closed","template":"","meta":{"footnotes":""},"class_list":["post-4148","page","type-page","status-publish","hentry"],"_links":{"self":[{"href":"https:\/\/marinaberts.ch\/sv\/wp-json\/wp\/v2\/pages\/4148","targetHints":{"allow":["GET"]}}],"collection":[{"href":"https:\/\/marinaberts.ch\/sv\/wp-json\/wp\/v2\/pages"}],"about":[{"href":"https:\/\/marinaberts.ch\/sv\/wp-json\/wp\/v2\/types\/page"}],"author":[{"embeddable":true,"href":"https:\/\/marinaberts.ch\/sv\/wp-json\/wp\/v2\/users\/1"}],"replies":[{"embeddable":true,"href":"https:\/\/marinaberts.ch\/sv\/wp-json\/wp\/v2\/comments?post=4148"}],"version-history":[{"count":1,"href":"https:\/\/marinaberts.ch\/sv\/wp-json\/wp\/v2\/pages\/4148\/revisions"}],"predecessor-version":[{"id":4152,"href":"https:\/\/marinaberts.ch\/sv\/wp-json\/wp\/v2\/pages\/4148\/revisions\/4152"}],"wp:attachment":[{"href":"https:\/\/marinaberts.ch\/sv\/wp-json\/wp\/v2\/media?parent=4148"}],"curies":[{"name":"wp","href":"https:\/\/api.w.org\/{rel}","templated":true}]}}