{"id":4124,"date":"2025-12-15T10:59:39","date_gmt":"2025-12-15T09:59:39","guid":{"rendered":"https:\/\/marinaberts.ch\/galleri\/"},"modified":"2025-12-22T14:06:40","modified_gmt":"2025-12-22T13:06:40","slug":"galleri","status":"publish","type":"page","link":"https:\/\/marinaberts.ch\/sv\/galleri\/","title":{"rendered":"Galleri"},"content":{"rendered":"\n<p>Jag har skapat broderade verk sedan 2010 och har dokumenterat skapandeprocessen f\u00f6r de flesta av mina projekt. Jag kommer d\u00e4rf\u00f6r att f\u00f6rbereda album som visar skapandet i detalj och visar dig den kreativa processen steg f\u00f6r steg. Alla album kommer att l\u00e4ggas till p\u00e5 denna sida, s\u00e5 kom tillbaka regelbundet f\u00f6r att uppt\u00e4cka nya.<\/p>\n\n<p>Alla foton \u00e4r skyddade av upphovsr\u00e4ttslagar (\u00a9MarinaBerts). Om du vill anv\u00e4nda mina foton f\u00f6r privat bruk, v\u00e4nligen ange copyright. Om du vill anv\u00e4nda mina foton f\u00f6r kommersiella \u00e4ndam\u00e5l, v\u00e4nligen kontakta mig (se Kontaktsidan).<\/p>\n<div class=\"wp-block-image\">\n<figure class=\"aligncenter size-large\"><img loading=\"lazy\" decoding=\"async\" width=\"574\" height=\"700\" src=\"https:\/\/marinaberts.ch\/wp-content\/uploads\/2025\/12\/52-Final2-copy-574x700.jpg\" alt=\"Subprime-Madonna\" class=\"wp-image-4259\" srcset=\"https:\/\/marinaberts.ch\/wp-content\/uploads\/2025\/12\/52-Final2-copy-574x700.jpg 574w, https:\/\/marinaberts.ch\/wp-content\/uploads\/2025\/12\/52-Final2-copy-246x300.jpg 246w, https:\/\/marinaberts.ch\/wp-content\/uploads\/2025\/12\/52-Final2-copy-768x937.jpg 768w, https:\/\/marinaberts.ch\/wp-content\/uploads\/2025\/12\/52-Final2-copy-1259x1536.jpg 1259w, https:\/\/marinaberts.ch\/wp-content\/uploads\/2025\/12\/52-Final2-copy-1679x2048.jpg 1679w, https:\/\/marinaberts.ch\/wp-content\/uploads\/2025\/12\/52-Final2-copy-393x480.jpg 393w, https:\/\/marinaberts.ch\/wp-content\/uploads\/2025\/12\/52-Final2-copy-82x100.jpg 82w\" sizes=\"auto, (max-width: 574px) 100vw, 574px\" \/><\/figure>\n<\/div>","protected":false},"excerpt":{"rendered":"<p>Jag har skapat broderade verk sedan 2010 och har dokumenterat skapandeprocessen f\u00f6r de flesta av mina projekt. Jag kommer d\u00e4rf\u00f6r att f\u00f6rbereda album som visar skapandet i detalj och visar<a href=\"https:\/\/marinaberts.ch\/sv\/galleri\/\" class=\"more-link\"><span class=\"more-button\">Plus&#8230;<span class=\"screen-reader-text\">Galleri<\/span><\/span><\/a><\/p>\n","protected":false},"author":1,"featured_media":0,"parent":0,"menu_order":0,"comment_status":"closed","ping_status":"closed","template":"","meta":{"footnotes":""},"class_list":["post-4124","page","type-page","status-publish","hentry"],"_links":{"self":[{"href":"https:\/\/marinaberts.ch\/sv\/wp-json\/wp\/v2\/pages\/4124","targetHints":{"allow":["GET"]}}],"collection":[{"href":"https:\/\/marinaberts.ch\/sv\/wp-json\/wp\/v2\/pages"}],"about":[{"href":"https:\/\/marinaberts.ch\/sv\/wp-json\/wp\/v2\/types\/page"}],"author":[{"embeddable":true,"href":"https:\/\/marinaberts.ch\/sv\/wp-json\/wp\/v2\/users\/1"}],"replies":[{"embeddable":true,"href":"https:\/\/marinaberts.ch\/sv\/wp-json\/wp\/v2\/comments?post=4124"}],"version-history":[{"count":4,"href":"https:\/\/marinaberts.ch\/sv\/wp-json\/wp\/v2\/pages\/4124\/revisions"}],"predecessor-version":[{"id":4285,"href":"https:\/\/marinaberts.ch\/sv\/wp-json\/wp\/v2\/pages\/4124\/revisions\/4285"}],"wp:attachment":[{"href":"https:\/\/marinaberts.ch\/sv\/wp-json\/wp\/v2\/media?parent=4124"}],"curies":[{"name":"wp","href":"https:\/\/api.w.org\/{rel}","templated":true}]}}