{"id":4087,"date":"2019-08-29T11:58:05","date_gmt":"2019-08-29T09:58:05","guid":{"rendered":"https:\/\/marinaberts.ch\/har-ar-jag\/"},"modified":"2025-12-15T10:49:22","modified_gmt":"2025-12-15T09:49:22","slug":"har-ar-jag","status":"publish","type":"page","link":"https:\/\/marinaberts.ch\/sv\/","title":{"rendered":"H\u00e4r \u00e4r jag!"},"content":{"rendered":"\n<p style=\"text-align: justify;\">Hej, jag heter Marina! Jag \u00e4r textilkonstn\u00e4r, men ocks\u00e5 forskare. Jag har en f\u00f6rsta masterexamen i engelska, franska och skandinaviska spr\u00e5k fr\u00e5n Helsingfors universitet, ett diplom i undervisning i franska som fr\u00e4mmande spr\u00e5k fr\u00e5n universitetet i Lausanne, ett Diploma in Technical Hand Embroidery fr\u00e5n Royal School of Needlework samt ett diplom som professionell holistisk coach.<br>\u00c5r 2022 avslutade jag en andra masterexamen i engelsk lingvistik och digitala humaniora och arbetade sedan en tid som juniorforskare. F\u00f6r n\u00e4rvarande arbetar jag p\u00e5 en doktorsexamen i historisk sociolingvistik. Titeln p\u00e5 min avhandling \u00e4r: Late Modern English language use across gender and class: A historical sociolinguistic investigation.     <\/p>\n<p style=\"text-align: justify;\">Min avhandling handlar om kvinnors f\u00f6rm\u00e5ga under 1700- och 1800-talen att uttrycka sig i \u201dskrift\u201d genom broderi. Jag arbetade med brev fr\u00e5n fattiga m\u00e4nniskor (hj\u00e4lpbeg\u00e4ran), brev som ing\u00e5r i den digitala korpusen LALP, eller The Language of Artisans and the Labouring Poor, skapad av Tony Fairman och professor Anita Auer (Universitetet i Lausanne) tillsammans med sitt team, d\u00e4r jag var medlem. Jag studerade spr\u00e5ket i dessa brev och uppt\u00e4ckte att spr\u00e5ket p\u00e5 den <a href=\"https:\/\/collections.vam.ac.uk\/item\/O70506\/sampler-parker-elizabeth\/\" target=\"_blank\" rel=\"noopener\"><em><em>broderade textilen av Elizabeth Parker<\/em><\/em><\/a>, daterad omkring 1830 (Victoria and Albert Museum, London), inneh\u00f6ll samma typ av spr\u00e5k. Jag b\u00f6rjade unders\u00f6ka traditionella engelska samplers, arbetade av unga flickor fr\u00e5n alla samh\u00e4llsklasser, ur ett spr\u00e5kligt perspektiv. Det verkar som om jag har uppt\u00e4ckt n\u00e5got som jag kallar needle literacy hos dessa kvinnor, och jag tror att kvinnor fr\u00e5n arbetarklassen \u2013 \u00e5tminstone de som blev hembitr\u00e4den och hade liten skolg\u00e5ng \u2013 uppr\u00e4tth\u00f6ll eller utvecklade sin l\u00e4skunnighet genom m\u00e4rkning av hush\u00e5llstextilier. Det \u00e4r ett fascinerande \u00e4mne som leder mig till att skriva en tv\u00e4rvetenskaplig avhandling, vilket \u00e4r mycket kr\u00e4vande.      <\/p>\n<p style=\"text-align: justify;\">N\u00e4r det g\u00e4ller broderi \u00e4r mina favorittekniker guldbroderi (Goldwork), applikation, Stumpwork och svartbroderi (Blackwork). Faktum \u00e4r att jag \u00e4lskar alla broderitekniker och v\u00e4ljer ofta flera f\u00f6r ett visst projekt eller en skapelse. Jag har flera arbeten p\u00e5 g\u00e5ng. Mina projekt g\u00e5r l\u00e5ngsamt eftersom jag fokuserar p\u00e5 min avhandling och arbetar (mycket) deltid.<br>Bes\u00f6k min professionella webbplats <a href=\"https:\/\/ediwee-edition.ch\/\" target=\"_blank\" rel=\"noopener\">Ediwee Edition<\/a>!    <\/p>\n<p style=\"text-align: justify;\">Jag har alltid haft en n\u00e5l i min (v\u00e4nstra) hand. Vid sex \u00e5rs \u00e5lder gick jag f\u00f6r att l\u00e4ra mig broderi tillsammans med en grupp damer som var mycket \u00e4ldre \u00e4n jag \u2013 broderigruppen i min hemstad Jakobstad, Finland. Sedan dess har jag arbetat med korsstygn, ullarbete p\u00e5 kanvas och petit point.<br>\u00c5r 2002 deltog jag i den intensiva sommarkursen vid Royal School of Needlework under tv\u00e5 m\u00e5nader. Jag l\u00e4rde mig skolans fyra grundl\u00e4ggande tekniker. Efter \u00e5tta veckors intensivt textilarbete fick jag Certificate in Technical Hand Embroidery.<br>\u00c5r 2009 b\u00f6rjade jag p\u00e5 Diploma in Technical Hand Embroidery i moduler och avslutade den 2012. \u00c5r 2011 var jag en del av RSN:s broderiteam som arbetade med tyllen till fr\u00f6ken Kate Middletons brudkl\u00e4nning n\u00e4r hon gifte sig med prins William.<br>Jag har ocks\u00e5 fortsatt med fortbildning inom broderi, bland annat den utm\u00e4rkta onlinekursen av Jessica Grimm om medeltida broderi. Det var verkligen n\u00e5got \u2013 fantastiskt!         <\/p>\n<p style=\"text-align: justify;\">I flera \u00e5r arbetade jag professionellt som vuxenutbildare inom textilomr\u00e5det, med undervisning och projektcoaching. Jag har ocks\u00e5 ett instrukt\u00f6rsdiplom i spets fr\u00e5n den schweiziska spetsfederationen (<a href=\"https:\/\/www.vss-fds.ch\/fr\/accueil\/\" target=\"_blank\" rel=\"noopener\">VSS-FDS<\/a>) och undervisade i knyppling samt n\u00e5lspets \u2013 en verklig passion \u2013 under m\u00e5nga \u00e5r.<br>Jag har dessutom utbildning i frivoliteter, handv\u00e4vning och brickv\u00e4vning, tovning och spinning. Jag b\u00f6rjade skapa textilkonst 2010, n\u00e4r jag uppt\u00e4ckte tekniken applikation. Jag blandar g\u00e4rna tekniker i mina skapelser. \u00c4rligt talat tycker jag det \u00e4r lite tr\u00e5kigt att bara anv\u00e4nda en teknik n\u00e4r en kombination kan ge precis de effekter jag vill ha!<br>Jag \u00e4r en arbetsnarkoman\u2026 jag stannar aldrig. Jag har alltid projekt p\u00e5 g\u00e5ng. Mina sk\u00e5p \u00e4r fulla av of\u00e4rdiga arbeten \u2013 kanske \u00e4r det likadant f\u00f6r dig?         <\/p>\n<p style=\"text-align: justify;\">Ta dig en titt p\u00e5 min Facebook sida <a href=\"https:\/\/www.facebook.com\/MBmarinaberts\" target=\"_blank\" rel=\"noopener\">MB Marina Berts<\/a>, jag brukar s\u00e4tta in bilder p\u00e5 s\u00e5dant som jag h\u00e5ller p\u00e5 med d\u00e4r. <\/p>\n\n<div class=\"wp-block-columns has-2-columns is-layout-flex wp-container-core-columns-is-layout-9d6595d7 wp-block-columns-is-layout-flex\">\n<div class=\"wp-block-column is-vertically-aligned-top is-layout-flow wp-block-column-is-layout-flow\"><div class=\"wp-block-image\">\n<figure class=\"aligncenter size-large is-resized\"><img loading=\"lazy\" decoding=\"async\" width=\"700\" height=\"912\" src=\"https:\/\/marinaberts.ch\/wp-content\/uploads\/2021\/08\/20210731_110831-700x912.jpg\" alt=\"\" class=\"wp-image-3386\" style=\"width:-629px;height:-818px\" srcset=\"https:\/\/marinaberts.ch\/wp-content\/uploads\/2021\/08\/20210731_110831-700x912.jpg 700w, https:\/\/marinaberts.ch\/wp-content\/uploads\/2021\/08\/20210731_110831-230x300.jpg 230w, https:\/\/marinaberts.ch\/wp-content\/uploads\/2021\/08\/20210731_110831-768x1001.jpg 768w, https:\/\/marinaberts.ch\/wp-content\/uploads\/2021\/08\/20210731_110831-1178x1536.jpg 1178w, https:\/\/marinaberts.ch\/wp-content\/uploads\/2021\/08\/20210731_110831-368x480.jpg 368w, https:\/\/marinaberts.ch\/wp-content\/uploads\/2021\/08\/20210731_110831-77x100.jpg 77w, https:\/\/marinaberts.ch\/wp-content\/uploads\/2021\/08\/20210731_110831-1320x1721.jpg 1320w, https:\/\/marinaberts.ch\/wp-content\/uploads\/2021\/08\/20210731_110831.jpg 1555w\" sizes=\"auto, (max-width: 700px) 100vw, 700px\" \/><figcaption class=\"wp-element-caption\"><strong>Marina<\/strong><\/figcaption><\/figure>\n<\/div><\/div>\n<\/div>\n\n<p><\/p>\n","protected":false},"excerpt":{"rendered":"<p>Hej, jag heter Marina! Jag \u00e4r textilkonstn\u00e4r, men ocks\u00e5 forskare. Jag har en f\u00f6rsta masterexamen i engelska, franska och skandinaviska spr\u00e5k fr\u00e5n Helsingfors universitet, ett diplom i undervisning i franska<a href=\"https:\/\/marinaberts.ch\/sv\/\" class=\"more-link\"><span class=\"more-button\">Plus&#8230;<span class=\"screen-reader-text\">H\u00e4r \u00e4r jag!<\/span><\/span><\/a><\/p>\n","protected":false},"author":1,"featured_media":0,"parent":0,"menu_order":0,"comment_status":"closed","ping_status":"closed","template":"","meta":{"footnotes":""},"class_list":["post-4087","page","type-page","status-publish","hentry"],"_links":{"self":[{"href":"https:\/\/marinaberts.ch\/sv\/wp-json\/wp\/v2\/pages\/4087","targetHints":{"allow":["GET"]}}],"collection":[{"href":"https:\/\/marinaberts.ch\/sv\/wp-json\/wp\/v2\/pages"}],"about":[{"href":"https:\/\/marinaberts.ch\/sv\/wp-json\/wp\/v2\/types\/page"}],"author":[{"embeddable":true,"href":"https:\/\/marinaberts.ch\/sv\/wp-json\/wp\/v2\/users\/1"}],"replies":[{"embeddable":true,"href":"https:\/\/marinaberts.ch\/sv\/wp-json\/wp\/v2\/comments?post=4087"}],"version-history":[{"count":1,"href":"https:\/\/marinaberts.ch\/sv\/wp-json\/wp\/v2\/pages\/4087\/revisions"}],"predecessor-version":[{"id":4091,"href":"https:\/\/marinaberts.ch\/sv\/wp-json\/wp\/v2\/pages\/4087\/revisions\/4091"}],"wp:attachment":[{"href":"https:\/\/marinaberts.ch\/sv\/wp-json\/wp\/v2\/media?parent=4087"}],"curies":[{"name":"wp","href":"https:\/\/api.w.org\/{rel}","templated":true}]}}