{"id":4074,"date":"2025-12-12T15:58:53","date_gmt":"2025-12-12T14:58:53","guid":{"rendered":"https:\/\/marinaberts.ch\/kotakta-mig\/"},"modified":"2026-01-20T16:05:15","modified_gmt":"2026-01-20T15:05:15","slug":"kotakta-mig","status":"publish","type":"page","link":"https:\/\/marinaberts.ch\/sv\/kotakta-mig\/","title":{"rendered":"Kontakta mig!"},"content":{"rendered":"\n<p class=\"has-text-align-center\">Om du vill kontakta mig, skriv epost till <\/p>\n\n<p class=\"has-text-align-center\">marinaberts@marinaberts.ch<\/p>\n\n<p>Om du hellre vill pratas vid, skicka mig din (schweiziska) telefonnummer s\u00e5 ringer jag upp dig n\u00e4r jag har m\u00f6jlighet.<\/p>\n\n<p class=\"has-text-align-center\">Vi h\u00f6rs och ses!<\/p>\n<div class=\"wp-block-image\">\n<figure class=\"aligncenter size-large\"><img loading=\"lazy\" decoding=\"async\" width=\"700\" height=\"466\" src=\"https:\/\/marinaberts.ch\/wp-content\/uploads\/2024\/11\/Wordpress1-700x466.jpg\" alt=\"Modernt guldbroderi\" class=\"wp-image-3751\" srcset=\"https:\/\/marinaberts.ch\/wp-content\/uploads\/2024\/11\/Wordpress1-700x466.jpg 700w, https:\/\/marinaberts.ch\/wp-content\/uploads\/2024\/11\/Wordpress1-300x200.jpg 300w, https:\/\/marinaberts.ch\/wp-content\/uploads\/2024\/11\/Wordpress1-768x511.jpg 768w, https:\/\/marinaberts.ch\/wp-content\/uploads\/2024\/11\/Wordpress1-640x426.jpg 640w, https:\/\/marinaberts.ch\/wp-content\/uploads\/2024\/11\/Wordpress1-100x67.jpg 100w, https:\/\/marinaberts.ch\/wp-content\/uploads\/2024\/11\/Wordpress1.jpg 1000w\" sizes=\"auto, (max-width: 700px) 100vw, 700px\" \/><\/figure>\n<\/div>","protected":false},"excerpt":{"rendered":"<p>Om du vill kontakta mig, skriv epost till marinaberts@marinaberts.ch Om du hellre vill pratas vid, skicka mig din (schweiziska) telefonnummer s\u00e5 ringer jag upp dig n\u00e4r jag har m\u00f6jlighet. Vi<a href=\"https:\/\/marinaberts.ch\/sv\/kotakta-mig\/\" class=\"more-link\"><span class=\"more-button\">Plus&#8230;<span class=\"screen-reader-text\">Kontakta mig!<\/span><\/span><\/a><\/p>\n","protected":false},"author":1,"featured_media":0,"parent":0,"menu_order":0,"comment_status":"closed","ping_status":"closed","template":"","meta":{"footnotes":""},"class_list":["post-4074","page","type-page","status-publish","hentry"],"_links":{"self":[{"href":"https:\/\/marinaberts.ch\/sv\/wp-json\/wp\/v2\/pages\/4074","targetHints":{"allow":["GET"]}}],"collection":[{"href":"https:\/\/marinaberts.ch\/sv\/wp-json\/wp\/v2\/pages"}],"about":[{"href":"https:\/\/marinaberts.ch\/sv\/wp-json\/wp\/v2\/types\/page"}],"author":[{"embeddable":true,"href":"https:\/\/marinaberts.ch\/sv\/wp-json\/wp\/v2\/users\/1"}],"replies":[{"embeddable":true,"href":"https:\/\/marinaberts.ch\/sv\/wp-json\/wp\/v2\/comments?post=4074"}],"version-history":[{"count":5,"href":"https:\/\/marinaberts.ch\/sv\/wp-json\/wp\/v2\/pages\/4074\/revisions"}],"predecessor-version":[{"id":4290,"href":"https:\/\/marinaberts.ch\/sv\/wp-json\/wp\/v2\/pages\/4074\/revisions\/4290"}],"wp:attachment":[{"href":"https:\/\/marinaberts.ch\/sv\/wp-json\/wp\/v2\/media?parent=4074"}],"curies":[{"name":"wp","href":"https:\/\/api.w.org\/{rel}","templated":true}]}}