{"id":4067,"date":"2025-12-12T16:17:37","date_gmt":"2025-12-12T15:17:37","guid":{"rendered":"https:\/\/marinaberts.ch\/mina-aktiviteter\/"},"modified":"2025-12-12T17:09:30","modified_gmt":"2025-12-12T16:09:30","slug":"mina-aktiviteter","status":"publish","type":"page","link":"https:\/\/marinaberts.ch\/sv\/mina-aktiviteter\/","title":{"rendered":"Mina aktiviteter"},"content":{"rendered":"\n<p>Hela mitt liv har jag varit aktiv i textilv\u00e4rlden, och jag \u00e4r det fortfarande. Kolla in rullgardinsmenyn och uppt\u00e4ck de aktiviteter jag gjort, dem som \u00e4r i g\u00e5ng och framtida grejor!<\/p>\n<div class=\"wp-block-image\">\n<figure class=\"aligncenter size-full\"><img loading=\"lazy\" decoding=\"async\" width=\"450\" height=\"600\" src=\"https:\/\/marinaberts.ch\/wp-content\/uploads\/2024\/11\/DSCN3169.jpg\" alt=\"Tree of Life i Crewelwork, med en ekorre pa marken, en flygande fagel och fj&#xE4;ril och en fantasiblomma med ett granat&#xE4;pple pa en stam, i blaa och bruna nyanser\" class=\"wp-image-3702\" srcset=\"https:\/\/marinaberts.ch\/wp-content\/uploads\/2024\/11\/DSCN3169.jpg 450w, https:\/\/marinaberts.ch\/wp-content\/uploads\/2024\/11\/DSCN3169-225x300.jpg 225w, https:\/\/marinaberts.ch\/wp-content\/uploads\/2024\/11\/DSCN3169-360x480.jpg 360w, https:\/\/marinaberts.ch\/wp-content\/uploads\/2024\/11\/DSCN3169-75x100.jpg 75w\" sizes=\"auto, (max-width: 450px) 100vw, 450px\" \/><figcaption class=\"wp-element-caption\">Tree of Life i Crewelwork (yllebroderi)<\/figcaption><\/figure>\n<\/div>","protected":false},"excerpt":{"rendered":"<p>Hela mitt liv har jag varit aktiv i textilv\u00e4rlden, och jag \u00e4r det fortfarande. Kolla in rullgardinsmenyn och uppt\u00e4ck de aktiviteter jag gjort, dem som \u00e4r i g\u00e5ng och framtida<a href=\"https:\/\/marinaberts.ch\/sv\/mina-aktiviteter\/\" class=\"more-link\"><span class=\"more-button\">Plus&#8230;<span class=\"screen-reader-text\">Mina aktiviteter<\/span><\/span><\/a><\/p>\n","protected":false},"author":1,"featured_media":0,"parent":0,"menu_order":0,"comment_status":"closed","ping_status":"closed","template":"","meta":{"footnotes":""},"class_list":["post-4067","page","type-page","status-publish","hentry"],"_links":{"self":[{"href":"https:\/\/marinaberts.ch\/sv\/wp-json\/wp\/v2\/pages\/4067","targetHints":{"allow":["GET"]}}],"collection":[{"href":"https:\/\/marinaberts.ch\/sv\/wp-json\/wp\/v2\/pages"}],"about":[{"href":"https:\/\/marinaberts.ch\/sv\/wp-json\/wp\/v2\/types\/page"}],"author":[{"embeddable":true,"href":"https:\/\/marinaberts.ch\/sv\/wp-json\/wp\/v2\/users\/1"}],"replies":[{"embeddable":true,"href":"https:\/\/marinaberts.ch\/sv\/wp-json\/wp\/v2\/comments?post=4067"}],"version-history":[{"count":1,"href":"https:\/\/marinaberts.ch\/sv\/wp-json\/wp\/v2\/pages\/4067\/revisions"}],"predecessor-version":[{"id":4071,"href":"https:\/\/marinaberts.ch\/sv\/wp-json\/wp\/v2\/pages\/4067\/revisions\/4071"}],"wp:attachment":[{"href":"https:\/\/marinaberts.ch\/sv\/wp-json\/wp\/v2\/media?parent=4067"}],"curies":[{"name":"wp","href":"https:\/\/api.w.org\/{rel}","templated":true}]}}