{"id":4002,"date":"2021-09-02T07:50:24","date_gmt":"2021-09-02T05:50:24","guid":{"rendered":"https:\/\/marinaberts.ch\/aktiviteter__trashed\/s-e-w-medlem\/"},"modified":"2025-12-15T14:14:08","modified_gmt":"2025-12-15T13:14:08","slug":"s-e-w-medlem","status":"publish","type":"page","link":"https:\/\/marinaberts.ch\/sv\/mina-aktiviteter\/s-e-w-medlem\/","title":{"rendered":"S.E.W. medlem"},"content":{"rendered":"\n<h3><span style=\"text-decoration: underline;\">Society for Embroidered Work<\/span><\/h3>\n<p style=\"text-align: justify;\"><a href=\"https:\/\/www.societyforembroideredwork.com\/\" target=\"_blank\" rel=\"noopener\">Society for Embroidered Work<\/a> <span style=\"color: #000000;\">\u00e4r en sammanslutning av textilkonstn\u00e4rer som anv\u00e4nder broderi som ett uttrycksmedel inom konsten. Grundarna av detta s\u00e4llskap, Cat Frampton och Emily Tull i Storbritannien, kunde inte hitta sin plats i n\u00e5gon befintlig organisation. Broderi anses fortfarande inte vara en konstn\u00e4rligt uttrycksform, och d\u00e4rf\u00f6r fanns det ingen grupp som uteslutande \u00e4gnade sig \u00e5t konstbroderi.<br>Syftet med Society for Embroidered Work (S.E.W) \u00e4r att fr\u00e4mja och ge st\u00f6d till konstn\u00e4rer som inkluderar broderielement i sina konstverk, vare sig broderiet \u00e4r utf\u00f6rt f\u00f6r hand eller med maskin, enligt traditionella eller samtida tekniker.<\/span><\/p>\n<blockquote>\n<p>&#8221;The aim of S.E.W is to promote and support artists who have an element of stitching in their artworks, hand or machine and traditional or contemporary forms of embroidery&#8221;<\/p>\n<\/blockquote>\n<p style=\"text-align: justify;\"><span style=\"color: #000000;\">I mars 2019 ans\u00f6kte jag om att bli medlem i Society for Embroidered Work. Endast seri\u00f6sa textilkonstn\u00e4rer som anv\u00e4nder broderi som ett uttrycksmedel inom konsten accepteras i detta s\u00e4llskap. Efter att ha l\u00e4mnat bilder p\u00e5 mina broderade verk och n\u00e5gra f\u00f6rklaringar om mina avsikter bakom dem, blev jag antagen som konstn\u00e4rsmedlem i Society for Embroidered Work. Jag \u00e4r mycket stolt \u00f6ver att f\u00e5 vara en del av detta s\u00e4llskap, som jag hoppas kommer att fr\u00e4mja acceptansen av broderi som en konstform.&nbsp;<\/span><\/p>\n<blockquote>\n<p>&#8221;The fight to get embroidery recognised as an art form has been a long one with roots mired in misogyny and it\u2019s got a long way to go yet. Having a society dedicated to the best in stitched art is one step in the right direction.&#8221;<\/p>\n<\/blockquote>\n<p style=\"text-align: justify;\"><span style=\"color: #000000;\">Cat och Emily framh\u00e4ver h\u00e4r n\u00e5got mycket viktigt: att f\u00e5 broderi erk\u00e4nt som en konstform \u00e4r en verklig kamp, eftersom broderi inte anses vara en seri\u00f6s konstform, som till exempel akvarell, oljem\u00e5lning eller pastell. Denna nedv\u00e4rdering har djupa r\u00f6tter i kvinnof\u00f6rtryck och i den allm\u00e4nna nedv\u00e4rderingen av kvinnors syssels\u00e4ttningar. &nbsp;<\/span><\/p>\n<blockquote>\n<p>&#8221;We hope that at a very basic level, having a society behind them, artists will be able to face the comments (\u2018embroidery is not art, it\u2019s just a craft\u2019) and the misunderstandings (\u2018Victorian ladies stitching idly\u2019) with a straight spine and a steady eye.&#8221;<\/p>\n<\/blockquote>\n<p style=\"text-align: justify;\"><span style=\"color: #000000;\">De tv\u00e5 grundarna av S.E.W. hoppas kunna ge broderikonstn\u00e4rer det mod och den stolthet som beh\u00f6vs f\u00f6r att m\u00f6ta nedv\u00e4rderande och f\u00f6raktfulla kommentarer om deras konst, s\u00e5som: \u201dBroderi \u00e4r inte konst, det \u00e4r bara en hobby\u201d och \u201dDet \u00e4r bara l\u00e4karhustrur och andra borgerliga kvinnor som broderar, eftersom de inte beh\u00f6ver arbeta.\u201d<br>Om du \u00e4r en kvinnlig textilkonstn\u00e4r som anv\u00e4nder broderi som uttrycksmedel ska du veta att du inte \u00e4r ensam! Vi \u00e4r ganska m\u00e5nga runt om i v\u00e4rlden, trots f\u00f6rs\u00f6k att h\u00e5lla oss osynliga genom f\u00f6rakt f\u00f6r v\u00e5r konst. Beh\u00e5ll stoltheten \u00f6ver din konst, huka inte och b\u00e4r din osynliga krona!   <\/span><\/p>\n","protected":false},"excerpt":{"rendered":"<p>Society for Embroidered Work Society for Embroidered Work \u00e4r en sammanslutning av textilkonstn\u00e4rer som anv\u00e4nder broderi som ett uttrycksmedel inom konsten. Grundarna av detta s\u00e4llskap, Cat Frampton och Emily Tull<a href=\"https:\/\/marinaberts.ch\/sv\/mina-aktiviteter\/s-e-w-medlem\/\" class=\"more-link\"><span class=\"more-button\">Plus&#8230;<span class=\"screen-reader-text\">S.E.W. medlem<\/span><\/span><\/a><\/p>\n","protected":false},"author":1,"featured_media":0,"parent":4067,"menu_order":0,"comment_status":"closed","ping_status":"closed","template":"","meta":{"footnotes":""},"class_list":["post-4002","page","type-page","status-publish","hentry"],"_links":{"self":[{"href":"https:\/\/marinaberts.ch\/sv\/wp-json\/wp\/v2\/pages\/4002","targetHints":{"allow":["GET"]}}],"collection":[{"href":"https:\/\/marinaberts.ch\/sv\/wp-json\/wp\/v2\/pages"}],"about":[{"href":"https:\/\/marinaberts.ch\/sv\/wp-json\/wp\/v2\/types\/page"}],"author":[{"embeddable":true,"href":"https:\/\/marinaberts.ch\/sv\/wp-json\/wp\/v2\/users\/1"}],"replies":[{"embeddable":true,"href":"https:\/\/marinaberts.ch\/sv\/wp-json\/wp\/v2\/comments?post=4002"}],"version-history":[{"count":1,"href":"https:\/\/marinaberts.ch\/sv\/wp-json\/wp\/v2\/pages\/4002\/revisions"}],"predecessor-version":[{"id":4003,"href":"https:\/\/marinaberts.ch\/sv\/wp-json\/wp\/v2\/pages\/4002\/revisions\/4003"}],"up":[{"embeddable":true,"href":"https:\/\/marinaberts.ch\/sv\/wp-json\/wp\/v2\/pages\/4067"}],"wp:attachment":[{"href":"https:\/\/marinaberts.ch\/sv\/wp-json\/wp\/v2\/media?parent=4002"}],"curies":[{"name":"wp","href":"https:\/\/api.w.org\/{rel}","templated":true}]}}