{"id":3998,"date":"2021-09-02T07:53:43","date_gmt":"2021-09-02T05:53:43","guid":{"rendered":"https:\/\/marinaberts.ch\/aktiviteter__trashed\/hertiginna-av-cambridge-kate-middletons-brudklanning\/"},"modified":"2025-12-12T14:18:22","modified_gmt":"2025-12-12T13:18:22","slug":"hertiginna-av-cambridge-kate-middletons-brudklanning","status":"publish","type":"page","link":"https:\/\/marinaberts.ch\/sv\/mina-aktiviteter\/hertiginna-av-cambridge-kate-middletons-brudklanning\/","title":{"rendered":"Hertiginna av Cambridge Kate Middletons brudkl\u00e4nning"},"content":{"rendered":"\n<p>I mitt arbete som yrkesbrod\u00f6s har jag varit med om tv\u00e5 underbara och helt unika upplevelser. Den f\u00f6rsta var min medverkan i teamet av brod\u00f6ser som arbetade med tylltyget till Kate Middletons brudkl\u00e4nning vid hennes br\u00f6llop 2011 med prins William, Englands tronarvinge. Den andra var mitt undervisningsuppdrag vid Escuela de Artes y Oficios Santo Domingo i Bogot\u00e1, Colombia.  <\/p>\n\n<p>V\u00e5ren 2011, n\u00e4r jag blev ombedd att delta i ett \u201dmycket speciellt\u201d projekt, var jag i slutet av min utbildning vid Royal School of Needlework. Uppmuntrad av den d\u00e5varande utbildningsansvariga, Gill Holdsworth, gick jag till RSN:s atelj\u00e9 f\u00f6r att erbjuda min hj\u00e4lp. Mandy, atelj\u00e9chefen, informerade mig snabbt om uppdraget som hade anf\u00f6rtrotts RSN: tylltyget som skulle ombroderas med mekanisk spets, avsett f\u00f6r Kate Middletons brudkl\u00e4nning vid hennes br\u00f6llop med prins William.   <\/p>\n\n<p>Jag var allts\u00e5 en av de ca. 60 brod\u00f6ser som arbetade med att skapa det ombroderade tylltyget till den ber\u00e4mda kl\u00e4nningen. Hemligheten var absolut: jag fick inte avsl\u00f6ja f\u00f6r n\u00e5gon att jag arbetade med detta storslagna projekt tillsammans med andra yrkesbrod\u00f6ser. Inte ens min man visste det, \u00e4ven om han anade vad jag gjorde tidigt p\u00e5 morgonen, vid lunchtid, sent p\u00e5 kv\u00e4llen och varje stund utanf\u00f6r mina lektioner. Alla som deltog i projektet hade undertecknat ett sekretessavtal \u2013 vi f\u00e5r allts\u00e5 fortfarande inte avsl\u00f6ja detaljerna om v\u00e5rt deltagande, och detta i 30 \u00e5r. Naturligtvis kan vissa saker n\u00e4mnas, som till exempel att vi h\u00f6ll v\u00e5ra h\u00e4nder absolut rena. Vi var tvungna att tv\u00e4tta h\u00e4nderna ungef\u00e4r var 30:e minut. Eftersom tyllen var vit och omarbetades med vita maskinspetsar var det sj\u00e4lvklart avg\u00f6rande att inte l\u00e4mna svett- eller fettfl\u00e4ckar p\u00e5 ett tyg som var avsett f\u00f6r ett kungligt br\u00f6llop.      <\/p>\n\n<p>Arbetet utf\u00f6rdes med mycket korta och tunna syn\u00e5lar, storlek nr 12. Erfarna yrkesbrod\u00f6ser vet vad det inneb\u00e4r: med det st\u00e4ndiga broderiarbetet och hanteringen av n\u00e5len med fingrarna har den en tendens att b\u00f6jas snabbt. D\u00e5 h\u00e4nder det l\u00e4tt att n\u00e5len inte kommer ut exakt d\u00e4r man vill, utan alltid lite snett. Passagen genom tyllen och spetsen slet ocks\u00e5 p\u00e5 n\u00e5lens spets, och det var extremt viktigt att n\u00e5len f\u00f6rblev s\u00e5 vass som m\u00f6jligt f\u00f6r att inte fastna i tyllen eller den applicerade spetsen. D\u00e4rf\u00f6r byttes n\u00e5larna ungef\u00e4r varje timme, s\u00e5 att vi alltid hade raka och vassa n\u00e5lar f\u00f6r att kunna forts\u00e4tta v\u00e5rt arbete.    <\/p>\n\n<p>Spetsarna var franska och engelska maskinspetsar, och jag tror att jag ocks\u00e5 h\u00f6rde att det fanns irl\u00e4ndsk spets, men jag \u00e4r inte helt s\u00e4ker p\u00e5 det. Motiv hade klippts ut och sedan placerats om f\u00f6r att skapa ett nytt m\u00f6nster p\u00e5 tyllen. V\u00e5r roll var att applicera dessa spetsmotiv p\u00e5 tyllen. Att arbeta med maskinspets \u00e4r inte l\u00e4tt. Man m\u00e5ste k\u00e4nna till hur spetsen reagerar n\u00e4r den appliceras. Ibland lossnar motivets kant n\u00e4r n\u00e5len f\u00f6rs in i ett t\u00e4tt omr\u00e5de; ibland \u00e4r motivet mycket tunt och inneh\u00e5ller endast lite material f\u00f6r att m\u00f6jligg\u00f6ra enkel applicering. Brod\u00f6sen m\u00e5ste d\u00e4rf\u00f6r g\u00e5 fram med stor f\u00f6rsiktighet f\u00f6r att inte fransa upp spetsen helt. Arbetet p\u00e5 tyllen var allts\u00e5 minuti\u00f6st och k\u00e4nsligt. Dessutom fick vi inte vila armarna p\u00e5 tylltyget; vi ombads antingen h\u00e5lla armb\u00e5garna i luften eller vila dem p\u00e5 tr\u00e4st\u00f6d placerade bredvid det skyddade tyget. Eftersom tyll \u00e4r ett mycket mjukt och n\u00e4stan elastiskt material var det mycket viktigt att inte ut\u00f6va f\u00f6r mycket tryck f\u00f6r att undvika att missforma det.         <\/p>\n\n<p>I oktober 2011 bes\u00f6kte jag utst\u00e4llningen av brudkl\u00e4nningen p\u00e5 Buckingham Palace. Det var ett mycket k\u00e4nslosamt \u00f6gonblick f\u00f6r mig. Jag kunde beundra brudkl\u00e4nningen p\u00e5 n\u00e4ra h\u00e5ll, se skorna t\u00e4ckta med ombroderad tyll, den magnifika sl\u00e4pet, sl\u00f6jan och hela kl\u00e4nningen dekorerad med ombroderad tyll. Fantastiskt \u2013 ett verkligt magiskt \u00f6gonblick f\u00f6r mig!   <\/p>\n\n<figure class=\"wp-block-embed is-type-video is-provider-youtube wp-block-embed-youtube wp-embed-aspect-16-9 wp-has-aspect-ratio\"><div class=\"wp-block-embed__wrapper\">\n<iframe loading=\"lazy\" title=\"The Royal Wedding Dress:  A story of Great British Design\" width=\"920\" height=\"518\" src=\"https:\/\/www.youtube.com\/embed\/8Wo4XP1YKHI?feature=oembed\" frameborder=\"0\" allow=\"accelerometer; autoplay; clipboard-write; encrypted-media; gyroscope; picture-in-picture; web-share\" referrerpolicy=\"strict-origin-when-cross-origin\" allowfullscreen><\/iframe>\n<\/div><\/figure>\n\n<p>F\u00f6r en tid sedan uppt\u00e4ckte jag p\u00e5 Youtube.com en video om en australiensk brod\u00f6s som ocks\u00e5 varit med i detta sp\u00e4nnande \u00e4ventyr. Hon ber\u00e4ttar sin erfarenhet om jobbet p\u00e5 Kate Middletons brudkl\u00e4nning, och det hon ber\u00e4ttar \u00e4r precis det jag ocks\u00e5 upplevde. <\/p>\n\n<figure class=\"wp-block-embed is-type-video is-provider-youtube wp-block-embed-youtube wp-embed-aspect-16-9 wp-has-aspect-ratio\"><div class=\"wp-block-embed__wrapper\">\n<iframe loading=\"lazy\" title=\"About THAT dress\" width=\"920\" height=\"518\" src=\"https:\/\/www.youtube.com\/embed\/Np0ZYGiCVV4?feature=oembed\" frameborder=\"0\" allow=\"accelerometer; autoplay; clipboard-write; encrypted-media; gyroscope; picture-in-picture; web-share\" referrerpolicy=\"strict-origin-when-cross-origin\" allowfullscreen><\/iframe>\n<\/div><\/figure>\n\n<p>Att delta i arbetet med att skapa tylltyget till denna fantastiska brudkl\u00e4nning var en stor \u00e4ra och ett enast\u00e5ende privilegium f\u00f6r mig. Jag \u00e4r mycket stolt \u00f6ver att ha blivit utvald att brodera spetsen p\u00e5 tyllen, tillsammans med andra mycket skickliga yrkesbrod\u00f6ser. <\/p>\n\n<p>Ett stort tack till Gill Holdsworth och Amanda Ewing f\u00f6r deras f\u00f6rtroende och till Royal School of Needlework som anv\u00e4nde mina f\u00e4rdigheter i detta fina projekt!<\/p>\n","protected":false},"excerpt":{"rendered":"<p>I mitt arbete som yrkesbrod\u00f6s har jag varit med om tv\u00e5 underbara och helt unika upplevelser. Den f\u00f6rsta var min medverkan i teamet av brod\u00f6ser som arbetade med tylltyget till<a href=\"https:\/\/marinaberts.ch\/sv\/mina-aktiviteter\/hertiginna-av-cambridge-kate-middletons-brudklanning\/\" class=\"more-link\"><span class=\"more-button\">Plus&#8230;<span class=\"screen-reader-text\">Hertiginna av Cambridge Kate Middletons brudkl\u00e4nning<\/span><\/span><\/a><\/p>\n","protected":false},"author":1,"featured_media":0,"parent":4067,"menu_order":0,"comment_status":"closed","ping_status":"closed","template":"","meta":{"footnotes":""},"class_list":["post-3998","page","type-page","status-publish","hentry"],"_links":{"self":[{"href":"https:\/\/marinaberts.ch\/sv\/wp-json\/wp\/v2\/pages\/3998","targetHints":{"allow":["GET"]}}],"collection":[{"href":"https:\/\/marinaberts.ch\/sv\/wp-json\/wp\/v2\/pages"}],"about":[{"href":"https:\/\/marinaberts.ch\/sv\/wp-json\/wp\/v2\/types\/page"}],"author":[{"embeddable":true,"href":"https:\/\/marinaberts.ch\/sv\/wp-json\/wp\/v2\/users\/1"}],"replies":[{"embeddable":true,"href":"https:\/\/marinaberts.ch\/sv\/wp-json\/wp\/v2\/comments?post=3998"}],"version-history":[{"count":1,"href":"https:\/\/marinaberts.ch\/sv\/wp-json\/wp\/v2\/pages\/3998\/revisions"}],"predecessor-version":[{"id":3999,"href":"https:\/\/marinaberts.ch\/sv\/wp-json\/wp\/v2\/pages\/3998\/revisions\/3999"}],"up":[{"embeddable":true,"href":"https:\/\/marinaberts.ch\/sv\/wp-json\/wp\/v2\/pages\/4067"}],"wp:attachment":[{"href":"https:\/\/marinaberts.ch\/sv\/wp-json\/wp\/v2\/media?parent=3998"}],"curies":[{"name":"wp","href":"https:\/\/api.w.org\/{rel}","templated":true}]}}